{"id":967,"date":"2025-04-10T10:54:09","date_gmt":"2025-04-10T08:54:09","guid":{"rendered":"https:\/\/univers-bois.ch\/?page_id=967"},"modified":"2025-04-10T10:59:04","modified_gmt":"2025-04-10T08:59:04","slug":"planche-a-decoupe","status":"publish","type":"page","link":"https:\/\/univers-bois.ch\/index.php\/planche-a-decoupe\/","title":{"rendered":"Planche \u00e0 d\u00e9couper"},"content":{"rendered":"<p>[et_pb_section fb_built=\u00a0\u00bb1&Prime; _builder_version=\u00a0\u00bb4.27.4&Prime; _module_preset=\u00a0\u00bbdefault\u00a0\u00bb global_colors_info=\u00a0\u00bb{}\u00a0\u00bb][et_pb_row _builder_version=\u00a0\u00bb4.27.4&Prime; _module_preset=\u00a0\u00bbdefault\u00a0\u00bb global_colors_info=\u00a0\u00bb{}\u00a0\u00bb][et_pb_column type=\u00a0\u00bb4_4&Prime; _builder_version=\u00a0\u00bb4.27.4&Prime; _module_preset=\u00a0\u00bbdefault\u00a0\u00bb global_colors_info=\u00a0\u00bb{}\u00a0\u00bb][et_pb_text _builder_version=\u00a0\u00bb4.27.4&Prime; _module_preset=\u00a0\u00bbdefault\u00a0\u00bb hover_enabled=\u00a0\u00bb0&Prime; global_colors_info=\u00a0\u00bb{}\u00a0\u00bb sticky_enabled=\u00a0\u00bb0&Prime;]<\/p>\n<h5>Cette planche \u00e0 d\u00e9couper a \u00e9t\u00e9 faite par notre apprenti de 3\u00e8me ann\u00e9e.<\/h5>\n<h5>Les essences de bois utilis\u00e9es pour cette planche \u00e0 d\u00e9couper au style original d\u2019\u00e9chiquier sont le ch\u00eane et le sapin. Enduite d\u2019un m\u00e9lange maison \u00e0 base d\u2019huile de noix et de cire d\u2019abeilles.<\/h5>\n<p>[\/et_pb_text][et_pb_gallery gallery_ids=\u00a0\u00bb924,920,921&Prime; _builder_version=\u00a0\u00bb4.27.4&Prime; _module_preset=\u00a0\u00bbdefault\u00a0\u00bb border_width_all=\u00a0\u00bb1px\u00a0\u00bb global_colors_info=\u00a0\u00bb{}\u00a0\u00bb][\/et_pb_gallery][\/et_pb_column][\/et_pb_row][\/et_pb_section]<\/p>\n","protected":false},"excerpt":{"rendered":"<p>Cette planche \u00e0 d\u00e9couper a \u00e9t\u00e9 faite par notre apprenti de 3\u00e8me ann\u00e9e. Les essences de bois utilis\u00e9es pour cette planche \u00e0 d\u00e9couper au style original d\u2019\u00e9chiquier sont le ch\u00eane et le sapin. Enduite d\u2019un m\u00e9lange maison \u00e0 base d\u2019huile de noix et de cire d\u2019abeilles.<\/p>\n","protected":false},"author":2,"featured_media":0,"parent":0,"menu_order":0,"comment_status":"closed","ping_status":"closed","template":"","meta":{"_et_pb_use_builder":"on","_et_pb_old_content":"","_et_gb_content_width":"","footnotes":""},"class_list":["post-967","page","type-page","status-publish","hentry"],"_links":{"self":[{"href":"https:\/\/univers-bois.ch\/index.php\/wp-json\/wp\/v2\/pages\/967","targetHints":{"allow":["GET"]}}],"collection":[{"href":"https:\/\/univers-bois.ch\/index.php\/wp-json\/wp\/v2\/pages"}],"about":[{"href":"https:\/\/univers-bois.ch\/index.php\/wp-json\/wp\/v2\/types\/page"}],"author":[{"embeddable":true,"href":"https:\/\/univers-bois.ch\/index.php\/wp-json\/wp\/v2\/users\/2"}],"replies":[{"embeddable":true,"href":"https:\/\/univers-bois.ch\/index.php\/wp-json\/wp\/v2\/comments?post=967"}],"version-history":[{"count":4,"href":"https:\/\/univers-bois.ch\/index.php\/wp-json\/wp\/v2\/pages\/967\/revisions"}],"predecessor-version":[{"id":975,"href":"https:\/\/univers-bois.ch\/index.php\/wp-json\/wp\/v2\/pages\/967\/revisions\/975"}],"wp:attachment":[{"href":"https:\/\/univers-bois.ch\/index.php\/wp-json\/wp\/v2\/media?parent=967"}],"curies":[{"name":"wp","href":"https:\/\/api.w.org\/{rel}","templated":true}]}}